{"id":1877,"date":"2018-08-17T08:22:28","date_gmt":"2018-08-17T08:22:28","guid":{"rendered":"https:\/\/themes.themegoods.com\/architecturer\/demo\/?page_id=1877"},"modified":"2024-08-28T09:33:55","modified_gmt":"2024-08-28T08:33:55","slug":"home-2","status":"publish","type":"page","link":"https:\/\/clinicareverte.com\/en\/","title":{"rendered":"Home 2"},"content":{"rendered":"<div data-elementor-type=\"wp-post\" data-elementor-id=\"1877\" class=\"elementor elementor-1877\">\n\t\t\t\t\t\t\t\t\t<section class=\"elementor-section elementor-top-section elementor-element elementor-element-73c92b7a elementor-section-stretched elementor-section-height-full elementor-section-content-middle elementor-section-items-top elementor-section-boxed elementor-section-height-default\" data-id=\"73c92b7a\" data-element_type=\"section\" data-settings=\"{&quot;stretch_section&quot;:&quot;section-stretched&quot;,&quot;background_background&quot;:&quot;classic&quot;}\">\n\t\t\t\t\t\t<div class=\"elementor-container elementor-column-gap-no\">\n\t\t\t\t\t<div class=\"elementor-column elementor-col-33 elementor-top-column elementor-element elementor-element-387fbc6\" data-id=\"387fbc6\" data-element_type=\"column\">\n\t\t\t<div class=\"elementor-widget-wrap\">\n\t\t\t\t\t\t\t\t\t<\/div>\n\t\t<\/div>\n\t\t\t\t<div class=\"elementor-column elementor-col-66 elementor-top-column elementor-element elementor-element-45f19b93\" data-id=\"45f19b93\" data-element_type=\"column\">\n\t\t\t<div class=\"elementor-widget-wrap elementor-element-populated\">\n\t\t\t\t\t\t\t\t<div class=\"elementor-element elementor-element-363c614 elementor-widget elementor-widget-html\" data-id=\"363c614\" data-element_type=\"widget\" data-widget_type=\"html.default\">\n\t\t\t\t<div class=\"elementor-widget-container\">\n\t\t\t<div class=\"icon-scroll\"><\/div>\t\t<\/div>\n\t\t\t\t<\/div>\n\t\t\t\t\t<\/div>\n\t\t<\/div>\n\t\t\t\t\t\t\t<\/div>\n\t\t<\/section>\n\t\t\t\t<section class=\"elementor-section elementor-top-section elementor-element elementor-element-0cbaa2f elementor-section-stretched elementor-section-full_width elementor-section-height-default elementor-section-height-default\" data-id=\"0cbaa2f\" data-element_type=\"section\" data-settings=\"{&quot;stretch_section&quot;:&quot;section-stretched&quot;,&quot;background_background&quot;:&quot;classic&quot;}\">\n\t\t\t\t\t\t<div class=\"elementor-container elementor-column-gap-default\">\n\t\t\t\t\t<div class=\"elementor-column elementor-col-100 elementor-top-column elementor-element elementor-element-e90371e\" data-id=\"e90371e\" data-element_type=\"column\">\n\t\t\t<div class=\"elementor-widget-wrap\">\n\t\t\t\t\t\t\t\t\t<\/div>\n\t\t<\/div>\n\t\t\t\t\t\t\t<\/div>\n\t\t<\/section>\n\t\t\t\t<section class=\"elementor-section elementor-top-section elementor-element elementor-element-a7d0dae elementor-section-boxed elementor-section-height-default elementor-section-height-default\" data-id=\"a7d0dae\" data-element_type=\"section\">\n\t\t\t\t\t\t<div class=\"elementor-container elementor-column-gap-default\">\n\t\t\t\t\t<div class=\"elementor-column elementor-col-100 elementor-top-column elementor-element elementor-element-2d058b6\" data-id=\"2d058b6\" data-element_type=\"column\">\n\t\t\t<div class=\"elementor-widget-wrap elementor-element-populated\">\n\t\t\t\t\t\t\t\t<div class=\"elementor-element elementor-element-2def453 elementor-widget elementor-widget-text-editor\" data-id=\"2def453\" data-element_type=\"widget\" data-widget_type=\"text-editor.default\">\n\t\t\t\t<div class=\"elementor-widget-container\">\n\t\t\t<style>\/*! elementor - v3.17.0 - 01-11-2023 *\/\n.elementor-widget-text-editor.elementor-drop-cap-view-stacked .elementor-drop-cap{background-color:#69727d;color:#fff}.elementor-widget-text-editor.elementor-drop-cap-view-framed .elementor-drop-cap{color:#69727d;border:3px solid;background-color:transparent}.elementor-widget-text-editor:not(.elementor-drop-cap-view-default) .elementor-drop-cap{margin-top:8px}.elementor-widget-text-editor:not(.elementor-drop-cap-view-default) .elementor-drop-cap-letter{width:1em;height:1em}.elementor-widget-text-editor .elementor-drop-cap{float:left;text-align:center;line-height:1;font-size:50px}.elementor-widget-text-editor .elementor-drop-cap-letter{display:inline-block}<\/style>\t\t\t\t<p>CL\u00cdNICA ANTONIO REVERTE<\/p>\t\t\t\t\t\t<\/div>\n\t\t\t\t<\/div>\n\t\t\t\t<div class=\"elementor-element elementor-element-d492ea9 elementor-widget elementor-widget-heading\" data-id=\"d492ea9\" data-element_type=\"widget\" data-widget_type=\"heading.default\">\n\t\t\t\t<div class=\"elementor-widget-container\">\n\t\t\t<style>\/*! elementor - v3.17.0 - 01-11-2023 *\/\n.elementor-heading-title{padding:0;margin:0;line-height:1}.elementor-widget-heading .elementor-heading-title[class*=elementor-size-]>a{color:inherit;font-size:inherit;line-height:inherit}.elementor-widget-heading .elementor-heading-title.elementor-size-small{font-size:15px}.elementor-widget-heading .elementor-heading-title.elementor-size-medium{font-size:19px}.elementor-widget-heading .elementor-heading-title.elementor-size-large{font-size:29px}.elementor-widget-heading .elementor-heading-title.elementor-size-xl{font-size:39px}.elementor-widget-heading .elementor-heading-title.elementor-size-xxl{font-size:59px}<\/style><h2 class=\"elementor-heading-title elementor-size-default\">\u00bfPor qu\u00e9 nosotros?<\/h2>\t\t<\/div>\n\t\t\t\t<\/div>\n\t\t\t\t\t<\/div>\n\t\t<\/div>\n\t\t\t\t\t\t\t<\/div>\n\t\t<\/section>\n\t\t<div class=\"elementor-element elementor-element-232bb39 e-flex e-con-boxed e-con e-parent\" data-id=\"232bb39\" data-element_type=\"container\" data-settings=\"{&quot;content_width&quot;:&quot;boxed&quot;}\" data-core-v316-plus=\"true\">\n\t\t\t\t\t<div class=\"e-con-inner\">\n\t\t<div class=\"elementor-element elementor-element-e09304c e-con-full e-flex e-con e-child\" data-id=\"e09304c\" data-element_type=\"container\" data-settings=\"{&quot;content_width&quot;:&quot;full&quot;}\">\n\t\t\t\t<div class=\"elementor-element elementor-element-684b4a3 elementor-widget elementor-widget-image\" data-id=\"684b4a3\" data-element_type=\"widget\" data-widget_type=\"image.default\">\n\t\t\t\t<div class=\"elementor-widget-container\">\n\t\t\t<style>\/*! elementor - v3.17.0 - 01-11-2023 *\/\n.elementor-widget-image{text-align:center}.elementor-widget-image a{display:inline-block}.elementor-widget-image a img[src$=\".svg\"]{width:48px}.elementor-widget-image img{vertical-align:middle;display:inline-block}<\/style>\t\t\t\t\t\t\t\t\t\t\t\t<img fetchpriority=\"high\" decoding=\"async\" width=\"800\" height=\"532\" src=\"https:\/\/clinicareverte.com\/wp-content\/uploads\/2023\/12\/s.jpg\" class=\"attachment-large size-large wp-image-5345\" alt=\"\" srcset=\"https:\/\/clinicareverte.com\/wp-content\/uploads\/2023\/12\/s.jpg 800w, https:\/\/clinicareverte.com\/wp-content\/uploads\/2023\/12\/s-300x200.jpg 300w, https:\/\/clinicareverte.com\/wp-content\/uploads\/2023\/12\/s-768x511.jpg 768w, https:\/\/clinicareverte.com\/wp-content\/uploads\/2023\/12\/s-700x466.jpg 700w, https:\/\/clinicareverte.com\/wp-content\/uploads\/2023\/12\/s-440x293.jpg 440w, https:\/\/clinicareverte.com\/wp-content\/uploads\/2023\/12\/s-600x399.jpg 600w\" sizes=\"(max-width: 800px) 100vw, 800px\" \/>\t\t\t\t\t\t\t\t\t\t\t\t\t\t\t<\/div>\n\t\t\t\t<\/div>\n\t\t\t\t<div class=\"elementor-element elementor-element-b529f9b elementor-widget elementor-widget-text-editor\" data-id=\"b529f9b\" data-element_type=\"widget\" data-widget_type=\"text-editor.default\">\n\t\t\t\t<div class=\"elementor-widget-container\">\n\t\t\t\t\t\t\t<p><strong>Fisioterapia Avanzada<br \/><\/strong>Tratamiento con t\u00e9cnicas de primer nivel que acortan tiempos de recuperaci\u00f3n y avaladas cient\u00edficamente<\/p>\t\t\t\t\t\t<\/div>\n\t\t\t\t<\/div>\n\t\t\t\t<\/div>\n\t\t<div class=\"elementor-element elementor-element-699a9b0 e-con-full e-flex e-con e-child\" data-id=\"699a9b0\" data-element_type=\"container\" data-settings=\"{&quot;content_width&quot;:&quot;full&quot;}\">\n\t\t\t\t<div class=\"elementor-element elementor-element-a945f4a elementor-widget elementor-widget-image\" data-id=\"a945f4a\" data-element_type=\"widget\" data-widget_type=\"image.default\">\n\t\t\t\t<div class=\"elementor-widget-container\">\n\t\t\t\t\t\t\t\t\t\t\t\t\t\t\t<img decoding=\"async\" width=\"800\" height=\"533\" src=\"https:\/\/clinicareverte.com\/wp-content\/uploads\/2023\/12\/s4.jpg\" class=\"attachment-large size-large wp-image-5349\" alt=\"\" srcset=\"https:\/\/clinicareverte.com\/wp-content\/uploads\/2023\/12\/s4.jpg 800w, https:\/\/clinicareverte.com\/wp-content\/uploads\/2023\/12\/s4-300x200.jpg 300w, https:\/\/clinicareverte.com\/wp-content\/uploads\/2023\/12\/s4-768x512.jpg 768w, https:\/\/clinicareverte.com\/wp-content\/uploads\/2023\/12\/s4-700x466.jpg 700w, https:\/\/clinicareverte.com\/wp-content\/uploads\/2023\/12\/s4-440x293.jpg 440w, https:\/\/clinicareverte.com\/wp-content\/uploads\/2023\/12\/s4-600x400.jpg 600w\" sizes=\"(max-width: 800px) 100vw, 800px\" \/>\t\t\t\t\t\t\t\t\t\t\t\t\t\t\t<\/div>\n\t\t\t\t<\/div>\n\t\t\t\t<div class=\"elementor-element elementor-element-0d0ce7e elementor-widget elementor-widget-text-editor\" data-id=\"0d0ce7e\" data-element_type=\"widget\" data-widget_type=\"text-editor.default\">\n\t\t\t\t<div class=\"elementor-widget-container\">\n\t\t\t\t\t\t\t<p><strong>Identificaci\u00f3n y Diagn\u00f3stico<br \/><\/strong>Nuestra principal preocupaci\u00f3n es la identificaci\u00f3n, recuperaci\u00f3n y prevenci\u00f3n de la lesi\u00f3n.<\/p>\t\t\t\t\t\t<\/div>\n\t\t\t\t<\/div>\n\t\t\t\t<\/div>\n\t\t<div class=\"elementor-element elementor-element-874008a e-con-full e-flex e-con e-child\" data-id=\"874008a\" data-element_type=\"container\" data-settings=\"{&quot;content_width&quot;:&quot;full&quot;}\">\n\t\t\t\t<div class=\"elementor-element elementor-element-6c0921e elementor-widget elementor-widget-image\" data-id=\"6c0921e\" data-element_type=\"widget\" data-widget_type=\"image.default\">\n\t\t\t\t<div class=\"elementor-widget-container\">\n\t\t\t\t\t\t\t\t\t\t\t\t\t\t\t<img decoding=\"async\" width=\"800\" height=\"533\" src=\"https:\/\/clinicareverte.com\/wp-content\/uploads\/2023\/12\/s1.jpg\" class=\"attachment-large size-large wp-image-5346\" alt=\"\" srcset=\"https:\/\/clinicareverte.com\/wp-content\/uploads\/2023\/12\/s1.jpg 800w, https:\/\/clinicareverte.com\/wp-content\/uploads\/2023\/12\/s1-300x200.jpg 300w, https:\/\/clinicareverte.com\/wp-content\/uploads\/2023\/12\/s1-768x512.jpg 768w, https:\/\/clinicareverte.com\/wp-content\/uploads\/2023\/12\/s1-700x466.jpg 700w, https:\/\/clinicareverte.com\/wp-content\/uploads\/2023\/12\/s1-440x293.jpg 440w, https:\/\/clinicareverte.com\/wp-content\/uploads\/2023\/12\/s1-600x400.jpg 600w\" sizes=\"(max-width: 800px) 100vw, 800px\" \/>\t\t\t\t\t\t\t\t\t\t\t\t\t\t\t<\/div>\n\t\t\t\t<\/div>\n\t\t\t\t<div class=\"elementor-element elementor-element-02f4ead elementor-widget elementor-widget-text-editor\" data-id=\"02f4ead\" data-element_type=\"widget\" data-widget_type=\"text-editor.default\">\n\t\t\t\t<div class=\"elementor-widget-container\">\n\t\t\t\t\t\t\t<p><strong>Nuestro Equipo Humano<br \/><\/strong>Nuestros profesionales formados para ponerse a disposici\u00f3n integra de lo que nos importa: nuestro paciente.<\/p>\t\t\t\t\t\t<\/div>\n\t\t\t\t<\/div>\n\t\t\t\t<\/div>\n\t\t\t\t\t<\/div>\n\t\t\t\t<\/div>\n\t\t\t\t<section class=\"elementor-section elementor-top-section elementor-element elementor-element-894478c elementor-section-boxed elementor-section-height-default elementor-section-height-default\" data-id=\"894478c\" data-element_type=\"section\">\n\t\t\t\t\t\t<div class=\"elementor-container elementor-column-gap-default\">\n\t\t\t\t\t<div class=\"elementor-column elementor-col-100 elementor-top-column elementor-element elementor-element-3f5c3e0\" data-id=\"3f5c3e0\" data-element_type=\"column\">\n\t\t\t<div class=\"elementor-widget-wrap elementor-element-populated\">\n\t\t\t\t\t\t\t\t<div class=\"elementor-element elementor-element-965b5ba elementor-widget elementor-widget-text-editor\" data-id=\"965b5ba\" data-element_type=\"widget\" data-widget_type=\"text-editor.default\">\n\t\t\t\t<div class=\"elementor-widget-container\">\n\t\t\t\t\t\t\t<p>Tratamiento personalizado como elemento diferenciador<\/p>\t\t\t\t\t\t<\/div>\n\t\t\t\t<\/div>\n\t\t\t\t<div class=\"elementor-element elementor-element-6aae910 elementor-widget elementor-widget-heading\" data-id=\"6aae910\" data-element_type=\"widget\" data-widget_type=\"heading.default\">\n\t\t\t\t<div class=\"elementor-widget-container\">\n\t\t\t<h2 class=\"elementor-heading-title elementor-size-default\">Nuestro objetivo<\/h2>\t\t<\/div>\n\t\t\t\t<\/div>\n\t\t\t\t\t<\/div>\n\t\t<\/div>\n\t\t\t\t\t\t\t<\/div>\n\t\t<\/section>\n\t\t\t\t<section class=\"elementor-section elementor-top-section elementor-element elementor-element-6695dc20 elementor-section-boxed elementor-section-height-default elementor-section-height-default\" data-id=\"6695dc20\" data-element_type=\"section\">\n\t\t\t\t\t\t<div class=\"elementor-container elementor-column-gap-wider\">\n\t\t\t\t\t<div class=\"elementor-column elementor-col-33 elementor-top-column elementor-element elementor-element-1af45983\" data-id=\"1af45983\" data-element_type=\"column\">\n\t\t\t<div class=\"elementor-widget-wrap elementor-element-populated\">\n\t\t\t\t\t\t\t\t<div class=\"elementor-element elementor-element-3c461df4 elementor-widget elementor-widget-counter\" data-id=\"3c461df4\" data-element_type=\"widget\" data-widget_type=\"counter.default\">\n\t\t\t\t<div class=\"elementor-widget-container\">\n\t\t\t<style>\/*! elementor - v3.17.0 - 01-11-2023 *\/\n.elementor-counter .elementor-counter-number-wrapper{display:flex;font-size:69px;font-weight:600;line-height:1}.elementor-counter .elementor-counter-number-prefix,.elementor-counter .elementor-counter-number-suffix{flex-grow:1;white-space:pre-wrap}.elementor-counter .elementor-counter-number-prefix{text-align:right}.elementor-counter .elementor-counter-number-suffix{text-align:left}.elementor-counter .elementor-counter-title{text-align:center;font-size:19px;font-weight:400;line-height:2.5}<\/style>\t\t<div class=\"elementor-counter\">\n\t\t\t<div class=\"elementor-counter-number-wrapper\">\n\t\t\t\t<span class=\"elementor-counter-number-prefix\"><\/span>\n\t\t\t\t<span class=\"elementor-counter-number\" data-duration=\"1000\" data-to-value=\"50\" data-from-value=\"0\" data-delimiter=\",\">0<\/span>\n\t\t\t\t<span class=\"elementor-counter-number-suffix\"><\/span>\n\t\t\t<\/div>\n\t\t\t\t\t\t\t<div class=\"elementor-counter-title\">Minutos por sesion<\/div>\n\t\t\t\t\t<\/div>\n\t\t\t\t<\/div>\n\t\t\t\t<\/div>\n\t\t\t\t\t<\/div>\n\t\t<\/div>\n\t\t\t\t<div class=\"elementor-column elementor-col-33 elementor-top-column elementor-element elementor-element-103982e1\" data-id=\"103982e1\" data-element_type=\"column\">\n\t\t\t<div class=\"elementor-widget-wrap elementor-element-populated\">\n\t\t\t\t\t\t\t\t<div class=\"elementor-element elementor-element-d51b90c elementor-widget elementor-widget-image\" data-id=\"d51b90c\" data-element_type=\"widget\" data-widget_type=\"image.default\">\n\t\t\t\t<div class=\"elementor-widget-container\">\n\t\t\t\t\t\t\t\t\t\t\t\t\t\t\t<img loading=\"lazy\" decoding=\"async\" width=\"1000\" height=\"1417\" src=\"https:\/\/clinicareverte.com\/wp-content\/uploads\/2018\/08\/Recurso-1.png\" class=\"attachment-full size-full wp-image-5261\" alt=\"\" srcset=\"https:\/\/clinicareverte.com\/wp-content\/uploads\/2018\/08\/Recurso-1.png 1000w, https:\/\/clinicareverte.com\/wp-content\/uploads\/2018\/08\/Recurso-1-212x300.png 212w, https:\/\/clinicareverte.com\/wp-content\/uploads\/2018\/08\/Recurso-1-723x1024.png 723w, https:\/\/clinicareverte.com\/wp-content\/uploads\/2018\/08\/Recurso-1-768x1088.png 768w, https:\/\/clinicareverte.com\/wp-content\/uploads\/2018\/08\/Recurso-1-440x623.png 440w, https:\/\/clinicareverte.com\/wp-content\/uploads\/2018\/08\/Recurso-1-600x850.png 600w\" sizes=\"(max-width: 1000px) 100vw, 1000px\" \/>\t\t\t\t\t\t\t\t\t\t\t\t\t\t\t<\/div>\n\t\t\t\t<\/div>\n\t\t\t\t<div class=\"elementor-element elementor-element-2bbc385e elementor-widget elementor-widget-counter\" data-id=\"2bbc385e\" data-element_type=\"widget\" data-widget_type=\"counter.default\">\n\t\t\t\t<div class=\"elementor-widget-container\">\n\t\t\t\t\t<div class=\"elementor-counter\">\n\t\t\t<div class=\"elementor-counter-number-wrapper\">\n\t\t\t\t<span class=\"elementor-counter-number-prefix\"><\/span>\n\t\t\t\t<span class=\"elementor-counter-number\" data-duration=\"1000\" data-to-value=\"10\" data-from-value=\"0\" data-delimiter=\",\">0<\/span>\n\t\t\t\t<span class=\"elementor-counter-number-suffix\"><\/span>\n\t\t\t<\/div>\n\t\t\t\t\t\t\t<div class=\"elementor-counter-title\">Years of Experience<\/div>\n\t\t\t\t\t<\/div>\n\t\t\t\t<\/div>\n\t\t\t\t<\/div>\n\t\t\t\t\t<\/div>\n\t\t<\/div>\n\t\t\t\t<div class=\"elementor-column elementor-col-33 elementor-top-column elementor-element elementor-element-fec0428\" data-id=\"fec0428\" data-element_type=\"column\">\n\t\t\t<div class=\"elementor-widget-wrap elementor-element-populated\">\n\t\t\t\t\t\t\t\t<div class=\"elementor-element elementor-element-3b39729e elementor-widget elementor-widget-counter\" data-id=\"3b39729e\" data-element_type=\"widget\" data-widget_type=\"counter.default\">\n\t\t\t\t<div class=\"elementor-widget-container\">\n\t\t\t\t\t<div class=\"elementor-counter\">\n\t\t\t<div class=\"elementor-counter-number-wrapper\">\n\t\t\t\t<span class=\"elementor-counter-number-prefix\"><\/span>\n\t\t\t\t<span class=\"elementor-counter-number\" data-duration=\"1000\" data-to-value=\"1000\" data-from-value=\"0\" data-delimiter=\",\">0<\/span>\n\t\t\t\t<span class=\"elementor-counter-number-suffix\">+<\/span>\n\t\t\t<\/div>\n\t\t\t\t\t\t\t<div class=\"elementor-counter-title\">Pacientes<\/div>\n\t\t\t\t\t<\/div>\n\t\t\t\t<\/div>\n\t\t\t\t<\/div>\n\t\t\t\t\t<\/div>\n\t\t<\/div>\n\t\t\t\t\t\t\t<\/div>\n\t\t<\/section>\n\t\t<div class=\"elementor-element elementor-element-30c067c e-flex e-con-boxed e-con e-parent\" data-id=\"30c067c\" data-element_type=\"container\" data-settings=\"{&quot;content_width&quot;:&quot;boxed&quot;}\" data-core-v316-plus=\"true\">\n\t\t\t\t\t<div class=\"e-con-inner\">\n\t\t<div class=\"elementor-element elementor-element-e38948b e-con-full e-flex e-con e-child\" data-id=\"e38948b\" data-element_type=\"container\" data-settings=\"{&quot;content_width&quot;:&quot;full&quot;}\">\n\t\t\t\t<div class=\"elementor-element elementor-element-22b9b50 elementor-widget elementor-widget-text-editor\" data-id=\"22b9b50\" data-element_type=\"widget\" data-widget_type=\"text-editor.default\">\n\t\t\t\t<div class=\"elementor-widget-container\">\n\t\t\t\t\t\t\t<div class=\"DF_utQ _0xkaeQ\"><div class=\"aF9o6Q _0yZ6Qg\"><div class=\"AdBbhQ hGbcYA\" lang=\"es-ES\"><p class=\"cgHgbA nxe3IQ Xp24Nw PanoWQ\"><span class=\"OYPEnA\">En nuestra cl\u00ednica, nos destacamos por ir m\u00e1s all\u00e1 de los protocolos convencionales. Nos enorgullece ofrecer un enfoque verdaderamente personalizado para cada paciente, reconociendo que cada lesi\u00f3n es \u00fanica y requiere una atenci\u00f3n especializada.<br \/><br \/><\/span><span class=\"OYPEnA\">Nuestros profesionales llevan a cabo una evaluaci\u00f3n para entender las necesidades individuales de cada persona, y basan su tratamiento en t\u00e9cnicas cuidadosamente seleccionadas y adaptadas a la situaci\u00f3n espec\u00edfica de la lesi\u00f3n.<br \/><br \/><\/span><span class=\"OYPEnA\">No seguimos un enfoque est\u00e1ndar; en cambio, nos comprometemos a dise\u00f1ar un plan de tratamiento \u00fanico para cada paciente, para obtener resultados efectivos y una recuperaci\u00f3n m\u00e1s r\u00e1pida.<br \/><br \/><\/span><span class=\"OYPEnA\">En nuestra cl\u00ednica, la personalizaci\u00f3n es la clave para superar las expectativas y brindar una atenci\u00f3n sanitaria que realmente marca la diferencia.<\/span><\/p><\/div><\/div><\/div>\t\t\t\t\t\t<\/div>\n\t\t\t\t<\/div>\n\t\t\t\t<\/div>\n\t\t<div class=\"elementor-element elementor-element-6354817 e-con-full e-flex e-con e-child\" data-id=\"6354817\" data-element_type=\"container\" data-settings=\"{&quot;content_width&quot;:&quot;full&quot;}\">\n\t\t\t\t<div class=\"elementor-element elementor-element-ee35010 elementor-widget elementor-widget-image\" data-id=\"ee35010\" data-element_type=\"widget\" data-widget_type=\"image.default\">\n\t\t\t\t<div class=\"elementor-widget-container\">\n\t\t\t\t\t\t\t\t\t\t\t\t\t\t\t<img loading=\"lazy\" decoding=\"async\" width=\"800\" height=\"533\" src=\"https:\/\/clinicareverte.com\/wp-content\/uploads\/2023\/12\/s2.jpg\" class=\"attachment-large size-large wp-image-5347\" alt=\"\" srcset=\"https:\/\/clinicareverte.com\/wp-content\/uploads\/2023\/12\/s2.jpg 800w, https:\/\/clinicareverte.com\/wp-content\/uploads\/2023\/12\/s2-300x200.jpg 300w, https:\/\/clinicareverte.com\/wp-content\/uploads\/2023\/12\/s2-768x512.jpg 768w, https:\/\/clinicareverte.com\/wp-content\/uploads\/2023\/12\/s2-700x466.jpg 700w, https:\/\/clinicareverte.com\/wp-content\/uploads\/2023\/12\/s2-440x293.jpg 440w, https:\/\/clinicareverte.com\/wp-content\/uploads\/2023\/12\/s2-600x400.jpg 600w\" sizes=\"(max-width: 800px) 100vw, 800px\" \/>\t\t\t\t\t\t\t\t\t\t\t\t\t\t\t<\/div>\n\t\t\t\t<\/div>\n\t\t\t\t<div class=\"elementor-element elementor-element-3e6c149 elementor-widget elementor-widget-image\" data-id=\"3e6c149\" data-element_type=\"widget\" data-widget_type=\"image.default\">\n\t\t\t\t<div class=\"elementor-widget-container\">\n\t\t\t\t\t\t\t\t\t\t\t\t\t\t\t<img loading=\"lazy\" decoding=\"async\" width=\"800\" height=\"533\" src=\"https:\/\/clinicareverte.com\/wp-content\/uploads\/2023\/12\/s3.jpg\" class=\"attachment-large size-large wp-image-5348\" alt=\"\" srcset=\"https:\/\/clinicareverte.com\/wp-content\/uploads\/2023\/12\/s3.jpg 800w, https:\/\/clinicareverte.com\/wp-content\/uploads\/2023\/12\/s3-300x200.jpg 300w, https:\/\/clinicareverte.com\/wp-content\/uploads\/2023\/12\/s3-768x512.jpg 768w, https:\/\/clinicareverte.com\/wp-content\/uploads\/2023\/12\/s3-700x466.jpg 700w, https:\/\/clinicareverte.com\/wp-content\/uploads\/2023\/12\/s3-440x293.jpg 440w, https:\/\/clinicareverte.com\/wp-content\/uploads\/2023\/12\/s3-600x400.jpg 600w\" sizes=\"(max-width: 800px) 100vw, 800px\" \/>\t\t\t\t\t\t\t\t\t\t\t\t\t\t\t<\/div>\n\t\t\t\t<\/div>\n\t\t\t\t<\/div>\n\t\t\t\t\t<\/div>\n\t\t\t\t<\/div>\n\t\t\t\t<section class=\"elementor-section elementor-top-section elementor-element elementor-element-248a09c elementor-section-stretched elementor-section-height-min-height elementor-section-content-top elementor-section-items-top elementor-section-boxed elementor-section-height-default\" data-id=\"248a09c\" data-element_type=\"section\" data-settings=\"{&quot;stretch_section&quot;:&quot;section-stretched&quot;,&quot;background_background&quot;:&quot;classic&quot;}\">\n\t\t\t\t\t\t\t<div class=\"elementor-background-overlay\"><\/div>\n\t\t\t\t\t\t\t<div class=\"elementor-container elementor-column-gap-default\">\n\t\t\t\t\t<div class=\"elementor-column elementor-col-100 elementor-top-column elementor-element elementor-element-6b1e127\" data-id=\"6b1e127\" data-element_type=\"column\">\n\t\t\t<div class=\"elementor-widget-wrap elementor-element-populated\">\n\t\t\t\t\t\t\t\t<div class=\"elementor-element elementor-element-45f3512 animated-fast elementor-invisible elementor-widget elementor-widget-text-editor\" data-id=\"45f3512\" data-element_type=\"widget\" data-settings=\"{&quot;_animation&quot;:&quot;fadeInUp&quot;,&quot;_animation_delay&quot;:400}\" data-widget_type=\"text-editor.default\">\n\t\t\t\t<div class=\"elementor-widget-container\">\n\t\t\t\t\t\t\t\t\t\t\t\t\t<\/div>\n\t\t\t\t<\/div>\n\t\t\t\t\t<\/div>\n\t\t<\/div>\n\t\t\t\t\t\t\t<\/div>\n\t\t<\/section>\n\t\t\t\t\t\t\t<\/div>","protected":false},"excerpt":{"rendered":"<p>CL\u00cdNICA ANTONIO REVERTE \u00bfPor qu\u00e9 nosotros? Fisioterapia AvanzadaTratamiento con t\u00e9cnicas de primer nivel que acortan tiempos de recuperaci\u00f3n y avaladas cient\u00edficamente Identificaci\u00f3n y Diagn\u00f3sticoNuestra principal preocupaci\u00f3n es la identificaci\u00f3n, recuperaci\u00f3n y prevenci\u00f3n de la lesi\u00f3n. Nuestro Equipo HumanoNuestros profesionales formados [&hellip;]<\/p>","protected":false},"author":1,"featured_media":0,"parent":0,"menu_order":0,"comment_status":"closed","ping_status":"closed","template":"","meta":{"footnotes":""},"class_list":["post-1877","page","type-page","status-publish","hentry"],"_links":{"self":[{"href":"https:\/\/clinicareverte.com\/en\/wp-json\/wp\/v2\/pages\/1877","targetHints":{"allow":["GET"]}}],"collection":[{"href":"https:\/\/clinicareverte.com\/en\/wp-json\/wp\/v2\/pages"}],"about":[{"href":"https:\/\/clinicareverte.com\/en\/wp-json\/wp\/v2\/types\/page"}],"author":[{"embeddable":true,"href":"https:\/\/clinicareverte.com\/en\/wp-json\/wp\/v2\/users\/1"}],"replies":[{"embeddable":true,"href":"https:\/\/clinicareverte.com\/en\/wp-json\/wp\/v2\/comments?post=1877"}],"version-history":[{"count":56,"href":"https:\/\/clinicareverte.com\/en\/wp-json\/wp\/v2\/pages\/1877\/revisions"}],"predecessor-version":[{"id":5430,"href":"https:\/\/clinicareverte.com\/en\/wp-json\/wp\/v2\/pages\/1877\/revisions\/5430"}],"wp:attachment":[{"href":"https:\/\/clinicareverte.com\/en\/wp-json\/wp\/v2\/media?parent=1877"}],"curies":[{"name":"wp","href":"https:\/\/api.w.org\/{rel}","templated":true}]}}